{"id":96,"date":"2021-10-25T16:09:32","date_gmt":"2021-10-25T14:09:32","guid":{"rendered":"https:\/\/antonio.mg\/?page_id=96"},"modified":"2021-10-25T16:54:12","modified_gmt":"2021-10-25T14:54:12","slug":"mueble","status":"publish","type":"page","link":"https:\/\/antonio.mg\/index.php\/un-acuario-con-ingenieria\/mueble\/","title":{"rendered":"Mueble"},"content":{"rendered":"\n<h2 class=\"wp-block-heading\">Mueble principal<\/h2>\n\n\n\n<p>El mueble principal que sostiene el acuario est\u00e1 constru\u00eddo con una estructura met\u00e1lica en forma de prisma rectangular (ortoedro). Est\u00e1 panelado por los dos laterales, y tiene dos puertas correderas de cristal en el frontal, dejando la trasera y el fondo descubiertos. Sobre la parte superior, apoya el acuario.<\/p>\n\n\n\n<p>El mueble principal alberga el filtro, el SUMP y el enfriador, ocupando con esto todo el espacio disponible.<\/p>\n\n\n\n<figure class=\"wp-block-gallery columns-2 is-cropped wp-block-gallery-1 is-layout-flex wp-block-gallery-is-layout-flex\"><ul class=\"blocks-gallery-grid\"><li class=\"blocks-gallery-item\"><figure><img loading=\"lazy\" decoding=\"async\" width=\"988\" height=\"1024\" src=\"https:\/\/antonio.mg\/wp-content\/uploads\/2021\/10\/Recurso-13-988x1024.jpg\" alt=\"Perfil mueble acuario\" data-id=\"98\" data-full-url=\"https:\/\/antonio.mg\/wp-content\/uploads\/2021\/10\/Recurso-13.jpg\" data-link=\"https:\/\/antonio.mg\/recurso-13\/\" class=\"wp-image-98\" srcset=\"https:\/\/antonio.mg\/wp-content\/uploads\/2021\/10\/Recurso-13-988x1024.jpg 988w, https:\/\/antonio.mg\/wp-content\/uploads\/2021\/10\/Recurso-13-289x300.jpg 289w, https:\/\/antonio.mg\/wp-content\/uploads\/2021\/10\/Recurso-13-768x796.jpg 768w, https:\/\/antonio.mg\/wp-content\/uploads\/2021\/10\/Recurso-13-1481x1536.jpg 1481w, https:\/\/antonio.mg\/wp-content\/uploads\/2021\/10\/Recurso-13-1200x1244.jpg 1200w, https:\/\/antonio.mg\/wp-content\/uploads\/2021\/10\/Recurso-13.jpg 1600w\" sizes=\"auto, (max-width: 709px) 85vw, (max-width: 909px) 67vw, (max-width: 1362px) 62vw, 840px\" \/><\/figure><\/li><li class=\"blocks-gallery-item\"><figure><img loading=\"lazy\" decoding=\"async\" width=\"988\" height=\"1024\" src=\"https:\/\/antonio.mg\/wp-content\/uploads\/2021\/10\/Recurso-12-988x1024.jpg\" alt=\"Alzado mueble acuario\" data-id=\"97\" data-full-url=\"https:\/\/antonio.mg\/wp-content\/uploads\/2021\/10\/Recurso-12.jpg\" data-link=\"https:\/\/antonio.mg\/recurso-12\/\" class=\"wp-image-97\" srcset=\"https:\/\/antonio.mg\/wp-content\/uploads\/2021\/10\/Recurso-12-988x1024.jpg 988w, https:\/\/antonio.mg\/wp-content\/uploads\/2021\/10\/Recurso-12-289x300.jpg 289w, https:\/\/antonio.mg\/wp-content\/uploads\/2021\/10\/Recurso-12-768x796.jpg 768w, https:\/\/antonio.mg\/wp-content\/uploads\/2021\/10\/Recurso-12-1481x1536.jpg 1481w, https:\/\/antonio.mg\/wp-content\/uploads\/2021\/10\/Recurso-12-1200x1244.jpg 1200w, https:\/\/antonio.mg\/wp-content\/uploads\/2021\/10\/Recurso-12.jpg 1599w\" sizes=\"auto, (max-width: 709px) 85vw, (max-width: 909px) 67vw, (max-width: 1362px) 62vw, 840px\" \/><\/figure><\/li><\/ul><\/figure>\n\n\n\n<p>Se ha dise\u00f1ado una base m\u00f3vil para el mueble, en metacrilato transparente de 10mm de grosor. El  metracrilato est\u00e1 perforado para permitir el paso del agua y del aire. Esta base apoya sobre la estructura met\u00e1lica del mueble en la base, as\u00ed como sobre unas patas que se han ubicado a tal efecto. Dicha base sobresale por la parte trasera del mueble, y se puede deslizar hacia adelante y hacia atr\u00e1s. De este modo se consigue<\/p>\n\n\n\n<ul class=\"wp-block-list\"><li>Superficie adicional, al extender el espacio por la zona trasera del mueble y permitir apoyar tambi\u00e9n sobre la estructura met\u00e1lica, en lugar de \u00fanicamente en el suelo.<\/li><li>Un espacio adicional para la ventilaci\u00f3n y la humedad: <ul><li>Entre la base del mueble y el suelo quedan unos 5cm. En caso de peque\u00f1as fugas, el agua cae a esta zona del suelo por los agujeros de la base. De este modo es m\u00e1s f\u00e1cil secarla que si el agua se quedase bajo el SUMP o el resto de elementos que hay bajo el mueble. <\/li><li>Asimismo, el sistema de extracci\u00f3n crea una presi\u00f3n baja en el interior del mueble, y el aire fluye por los agujeros de la base, distribuyendo de forma uniforme el flujo del aire a lo largo de todo el mueble.<\/li><\/ul><\/li><li>Versatilidad, al poder deslizarse la base para separarla m\u00e1s o menos de la parte frontal del mueble (las puertas del mismo), lo que permite acceder a la zona del suelo cuando es necesario.<\/li><\/ul>\n\n\n\n<figure class=\"wp-block-image size-large\"><img loading=\"lazy\" decoding=\"async\" width=\"1024\" height=\"351\" src=\"https:\/\/antonio.mg\/wp-content\/uploads\/2021\/10\/Recurso-14-1024x351.jpg\" alt=\"Base mueble acuario\" class=\"wp-image-99\" srcset=\"https:\/\/antonio.mg\/wp-content\/uploads\/2021\/10\/Recurso-14-1024x351.jpg 1024w, https:\/\/antonio.mg\/wp-content\/uploads\/2021\/10\/Recurso-14-300x103.jpg 300w, https:\/\/antonio.mg\/wp-content\/uploads\/2021\/10\/Recurso-14-768x263.jpg 768w, https:\/\/antonio.mg\/wp-content\/uploads\/2021\/10\/Recurso-14-1536x526.jpg 1536w, https:\/\/antonio.mg\/wp-content\/uploads\/2021\/10\/Recurso-14-2048x701.jpg 2048w, https:\/\/antonio.mg\/wp-content\/uploads\/2021\/10\/Recurso-14-1200x411.jpg 1200w\" sizes=\"auto, (max-width: 709px) 85vw, (max-width: 909px) 67vw, (max-width: 1362px) 62vw, 840px\" \/><\/figure>\n\n\n\n<h2 class=\"wp-block-heading\">Mueble secundario<\/h2>\n\n\n\n<p>Adem\u00e1s, se ha dise\u00f1ado un segundo armario con objeto de albergar la electr\u00f3nica de control del acuario (controlador principal, bombas perist\u00e1lticas, enchufes programables&#8230;) as\u00ed como los l\u00edquidos que se aportan al acuario mediante las bombas perist\u00e1lticas.<\/p>\n\n\n\n<p>Este armario tambi\u00e9n puede albergar el resto de accesorios para la limpieza del acuario, los botes con la alimentaci\u00f3n, los tests qu\u00edmicos, etc. De este modo, todos esos elementos est\u00e1n a salvo de la humedad generada por el SUMP.<\/p>\n\n\n\n<figure class=\"wp-block-image size-large\"><img loading=\"lazy\" decoding=\"async\" width=\"1024\" height=\"523\" src=\"https:\/\/antonio.mg\/wp-content\/uploads\/2021\/10\/Recurso-16-1024x523.jpg\" alt=\"\" class=\"wp-image-110\" srcset=\"https:\/\/antonio.mg\/wp-content\/uploads\/2021\/10\/Recurso-16-1024x523.jpg 1024w, https:\/\/antonio.mg\/wp-content\/uploads\/2021\/10\/Recurso-16-300x153.jpg 300w, https:\/\/antonio.mg\/wp-content\/uploads\/2021\/10\/Recurso-16-768x392.jpg 768w, https:\/\/antonio.mg\/wp-content\/uploads\/2021\/10\/Recurso-16-1536x784.jpg 1536w, https:\/\/antonio.mg\/wp-content\/uploads\/2021\/10\/Recurso-16-2048x1046.jpg 2048w, https:\/\/antonio.mg\/wp-content\/uploads\/2021\/10\/Recurso-16-1200x613.jpg 1200w\" sizes=\"auto, (max-width: 709px) 85vw, (max-width: 909px) 67vw, (max-width: 1362px) 62vw, 840px\" \/><\/figure>\n","protected":false},"excerpt":{"rendered":"<p>Mueble principal El mueble principal que sostiene el acuario est\u00e1 constru\u00eddo con una estructura met\u00e1lica en forma de prisma rectangular (ortoedro). Est\u00e1 panelado por los dos laterales, y tiene dos puertas correderas de cristal en el frontal, dejando la trasera y el fondo descubiertos. Sobre la parte superior, apoya el acuario. El mueble principal alberga &hellip; <a href=\"https:\/\/antonio.mg\/index.php\/un-acuario-con-ingenieria\/mueble\/\" class=\"more-link\">Continuar leyendo<span class=\"screen-reader-text\"> \u00abMueble\u00bb<\/span><\/a><\/p>\n","protected":false},"author":1,"featured_media":0,"parent":11,"menu_order":1,"comment_status":"closed","ping_status":"closed","template":"","meta":{"_monsterinsights_skip_tracking":false,"_monsterinsights_sitenote_active":false,"_monsterinsights_sitenote_note":"","_monsterinsights_sitenote_category":0,"footnotes":""},"class_list":["post-96","page","type-page","status-publish","hentry"],"_links":{"self":[{"href":"https:\/\/antonio.mg\/index.php\/wp-json\/wp\/v2\/pages\/96","targetHints":{"allow":["GET"]}}],"collection":[{"href":"https:\/\/antonio.mg\/index.php\/wp-json\/wp\/v2\/pages"}],"about":[{"href":"https:\/\/antonio.mg\/index.php\/wp-json\/wp\/v2\/types\/page"}],"author":[{"embeddable":true,"href":"https:\/\/antonio.mg\/index.php\/wp-json\/wp\/v2\/users\/1"}],"replies":[{"embeddable":true,"href":"https:\/\/antonio.mg\/index.php\/wp-json\/wp\/v2\/comments?post=96"}],"version-history":[{"count":3,"href":"https:\/\/antonio.mg\/index.php\/wp-json\/wp\/v2\/pages\/96\/revisions"}],"predecessor-version":[{"id":112,"href":"https:\/\/antonio.mg\/index.php\/wp-json\/wp\/v2\/pages\/96\/revisions\/112"}],"up":[{"embeddable":true,"href":"https:\/\/antonio.mg\/index.php\/wp-json\/wp\/v2\/pages\/11"}],"wp:attachment":[{"href":"https:\/\/antonio.mg\/index.php\/wp-json\/wp\/v2\/media?parent=96"}],"curies":[{"name":"wp","href":"https:\/\/api.w.org\/{rel}","templated":true}]}}