{"id":84,"date":"2021-10-25T15:11:38","date_gmt":"2021-10-25T13:11:38","guid":{"rendered":"https:\/\/antonio.mg\/?page_id=84"},"modified":"2021-10-25T15:28:37","modified_gmt":"2021-10-25T13:28:37","slug":"acerca-de","status":"publish","type":"page","link":"https:\/\/antonio.mg\/index.php\/acerca-de\/","title":{"rendered":"Acerca de"},"content":{"rendered":"\n<p><strong><em>antoniomg<\/em><\/strong> ten\u00eda 8 a\u00f1os cuando encontr\u00f3 un libro de programaci\u00f3n en casa y hizo sus primeros programas en papel. El gusanillo del emprendimiento tambi\u00e9n empez\u00f3 pronto: criando y vendiendo canarios consigui\u00f3 ahorrar para ayudar a comprar el primer ordenador de casa. Desde entonces su vida ha girado en torno a la inform\u00e1tica.<\/p>\n\n\n\n<p>Se considera un <em>bardo<\/em>, al estilo de los del juego de rol del Se\u00f1or de los Anillos, aprendiz de todo y maestro de nada. Por ello cultiva una gran variedad de aficiones sin preocuparse demasiado de llegar a ser realmente bueno en ninguna.<\/p>\n\n\n\n<p>En lo laboral, que para \u00e9l es una afici\u00f3n m\u00e1s, estando en segundo de carrera (tres a\u00f1os antes de que le tocase), empez\u00f3 a trabajar en el Proyecto Fin de Carrera (un sistema para la gesti\u00f3n de contenidos web) mientras colaboraba con el desarrollo de la web de la Escuela Superior de Ingenier\u00eda Inform\u00e1ticas y de Telecomunicaciones. All\u00ed conoci\u00f3 a los que poco despu\u00e9s ser\u00edan, con \u00e9l, co-fundadores de <em>intelligenia<\/em>.<\/p>\n\n\n\n<p>Termin\u00f3 la carrera en la EPFL en Suiza, donde hizo un segundo proyecto fin de M\u00e1ster sobre veh\u00edculos a\u00e9reos no tripulados, del que a\u00f1os despu\u00e9s surgi\u00f3 otra idea empresarial. Tras asumir de lleno la direcci\u00f3n de intelligenia y darse cabezazos con la realidad empresarial que le resultaba todav\u00eda desconocida, decidi\u00f3 hacer un MBA.<\/p>\n\n\n\n<p>Empez\u00f3 a trabajar en Google en 2014, donde lidera un equipo internacional de consultores tecnol\u00f3gicos en el \u00e1mbito de las licencias de m\u00fasica.<\/p>\n\n\n\n<h3 class=\"wp-block-heading\">Contacto<\/h3>\n\n\n\n<p>Escribe a <meta charset=\"utf-8\"><img loading=\"lazy\" decoding=\"async\" width=\"125\" height=\"20\" class=\"wp-image-89\" style=\"width: 125px;\" src=\"https:\/\/antonio.mg\/wp-content\/uploads\/2021\/10\/emilio.png\" alt=\"emilio\" srcset=\"https:\/\/antonio.mg\/wp-content\/uploads\/2021\/10\/emilio.png 346w, https:\/\/antonio.mg\/wp-content\/uploads\/2021\/10\/emilio-300x48.png 300w\" sizes=\"auto, (max-width: 125px) 85vw, 125px\" \/><\/p>\n","protected":false},"excerpt":{"rendered":"<p>antoniomg ten\u00eda 8 a\u00f1os cuando encontr\u00f3 un libro de programaci\u00f3n en casa y hizo sus primeros programas en papel. El gusanillo del emprendimiento tambi\u00e9n empez\u00f3 pronto: criando y vendiendo canarios consigui\u00f3 ahorrar para ayudar a comprar el primer ordenador de casa. Desde entonces su vida ha girado en torno a la inform\u00e1tica. Se considera un &hellip; <a href=\"https:\/\/antonio.mg\/index.php\/acerca-de\/\" class=\"more-link\">Continuar leyendo<span class=\"screen-reader-text\"> \u00abAcerca de\u00bb<\/span><\/a><\/p>\n","protected":false},"author":1,"featured_media":0,"parent":0,"menu_order":0,"comment_status":"closed","ping_status":"closed","template":"","meta":{"_monsterinsights_skip_tracking":false,"_monsterinsights_sitenote_active":false,"_monsterinsights_sitenote_note":"","_monsterinsights_sitenote_category":0,"footnotes":""},"class_list":["post-84","page","type-page","status-publish","hentry"],"_links":{"self":[{"href":"https:\/\/antonio.mg\/index.php\/wp-json\/wp\/v2\/pages\/84","targetHints":{"allow":["GET"]}}],"collection":[{"href":"https:\/\/antonio.mg\/index.php\/wp-json\/wp\/v2\/pages"}],"about":[{"href":"https:\/\/antonio.mg\/index.php\/wp-json\/wp\/v2\/types\/page"}],"author":[{"embeddable":true,"href":"https:\/\/antonio.mg\/index.php\/wp-json\/wp\/v2\/users\/1"}],"replies":[{"embeddable":true,"href":"https:\/\/antonio.mg\/index.php\/wp-json\/wp\/v2\/comments?post=84"}],"version-history":[{"count":2,"href":"https:\/\/antonio.mg\/index.php\/wp-json\/wp\/v2\/pages\/84\/revisions"}],"predecessor-version":[{"id":91,"href":"https:\/\/antonio.mg\/index.php\/wp-json\/wp\/v2\/pages\/84\/revisions\/91"}],"wp:attachment":[{"href":"https:\/\/antonio.mg\/index.php\/wp-json\/wp\/v2\/media?parent=84"}],"curies":[{"name":"wp","href":"https:\/\/api.w.org\/{rel}","templated":true}]}}