{"id":33,"date":"2021-10-24T13:54:31","date_gmt":"2021-10-24T11:54:31","guid":{"rendered":"http:\/\/gxsacbg.cluster031.hosting.ovh.net\/?page_id=33"},"modified":"2021-12-11T16:52:49","modified_gmt":"2021-12-11T15:52:49","slug":"urna","status":"publish","type":"page","link":"https:\/\/antonio.mg\/index.php\/un-acuario-con-ingenieria\/urna\/","title":{"rendered":"Urna principal"},"content":{"rendered":"\n<p>La urna mide 120cm (ancho) x 50cm (fondo) x 45cm (alto), con un volumen total de 270L. Est\u00e1 realizada con vidrio templado, \u00f3ptico de 12mm de grosor, sin tirantas ni refuerzos adicionales.<\/p>\n\n\n\n<p>Dispone de un taladro circular para la instalaci\u00f3n de un rebosadero en la esquina trasera, superior derecha, con 4.5cm de di\u00e1metro y separado 6.5cm del lateral y 2cm del borde superior. <\/p>\n\n\n\n<p>Las dimensiones interiores son por tanto 117.6cm (ancho) x 47.6cm (fondo) x 43.8cm (alto), y teniendo en cuenta el nivel m\u00e1ximo marcado por el rebosadero, el volumen real es 211.6L (ver <a href=\"https:\/\/antonio.mg\/index.php\/un-acuario-con-ingenieria\/agua-y-quimica\/llenado-y-puesta-en-marcha\/\" data-type=\"page\" data-id=\"180\">Llenado y puesta en marcha<\/a>, donde se detallan los vol\u00famenes reales medidos en el llenado).<\/p>\n\n\n\n<figure class=\"wp-block-image size-large\"><img loading=\"lazy\" decoding=\"async\" width=\"988\" height=\"1024\" src=\"http:\/\/gxsacbg.cluster031.hosting.ovh.net\/wp-content\/uploads\/2021\/10\/Recurso-11-988x1024.jpg\" alt=\"\" class=\"wp-image-45\" srcset=\"https:\/\/antonio.mg\/wp-content\/uploads\/2021\/10\/Recurso-11-988x1024.jpg 988w, https:\/\/antonio.mg\/wp-content\/uploads\/2021\/10\/Recurso-11-290x300.jpg 290w, https:\/\/antonio.mg\/wp-content\/uploads\/2021\/10\/Recurso-11-768x796.jpg 768w, https:\/\/antonio.mg\/wp-content\/uploads\/2021\/10\/Recurso-11-1482x1536.jpg 1482w, https:\/\/antonio.mg\/wp-content\/uploads\/2021\/10\/Recurso-11-1200x1244.jpg 1200w, https:\/\/antonio.mg\/wp-content\/uploads\/2021\/10\/Recurso-11.jpg 1600w\" sizes=\"auto, (max-width: 709px) 85vw, (max-width: 909px) 67vw, (max-width: 1362px) 62vw, 840px\" \/><figcaption>Urna principal \u00b7 Alzado y perfil<\/figcaption><\/figure>\n","protected":false},"excerpt":{"rendered":"<p>La urna mide 120cm (ancho) x 50cm (fondo) x 45cm (alto), con un volumen total de 270L. Est\u00e1 realizada con vidrio templado, \u00f3ptico de 12mm de grosor, sin tirantas ni refuerzos adicionales. Dispone de un taladro circular para la instalaci\u00f3n de un rebosadero en la esquina trasera, superior derecha, con 4.5cm de di\u00e1metro y separado &hellip; <a href=\"https:\/\/antonio.mg\/index.php\/un-acuario-con-ingenieria\/urna\/\" class=\"more-link\">Continuar leyendo<span class=\"screen-reader-text\"> \u00abUrna principal\u00bb<\/span><\/a><\/p>\n","protected":false},"author":1,"featured_media":0,"parent":11,"menu_order":0,"comment_status":"closed","ping_status":"closed","template":"","meta":{"_monsterinsights_skip_tracking":false,"_monsterinsights_sitenote_active":false,"_monsterinsights_sitenote_note":"","_monsterinsights_sitenote_category":0,"footnotes":""},"class_list":["post-33","page","type-page","status-publish","hentry"],"_links":{"self":[{"href":"https:\/\/antonio.mg\/index.php\/wp-json\/wp\/v2\/pages\/33","targetHints":{"allow":["GET"]}}],"collection":[{"href":"https:\/\/antonio.mg\/index.php\/wp-json\/wp\/v2\/pages"}],"about":[{"href":"https:\/\/antonio.mg\/index.php\/wp-json\/wp\/v2\/types\/page"}],"author":[{"embeddable":true,"href":"https:\/\/antonio.mg\/index.php\/wp-json\/wp\/v2\/users\/1"}],"replies":[{"embeddable":true,"href":"https:\/\/antonio.mg\/index.php\/wp-json\/wp\/v2\/comments?post=33"}],"version-history":[{"count":5,"href":"https:\/\/antonio.mg\/index.php\/wp-json\/wp\/v2\/pages\/33\/revisions"}],"predecessor-version":[{"id":202,"href":"https:\/\/antonio.mg\/index.php\/wp-json\/wp\/v2\/pages\/33\/revisions\/202"}],"up":[{"embeddable":true,"href":"https:\/\/antonio.mg\/index.php\/wp-json\/wp\/v2\/pages\/11"}],"wp:attachment":[{"href":"https:\/\/antonio.mg\/index.php\/wp-json\/wp\/v2\/media?parent=33"}],"curies":[{"name":"wp","href":"https:\/\/api.w.org\/{rel}","templated":true}]}}