{"id":180,"date":"2021-12-09T22:26:38","date_gmt":"2021-12-09T21:26:38","guid":{"rendered":"https:\/\/antonio.mg\/?page_id=180"},"modified":"2021-12-13T09:25:58","modified_gmt":"2021-12-13T08:25:58","slug":"llenado-y-puesta-en-marcha","status":"publish","type":"page","link":"https:\/\/antonio.mg\/index.php\/un-acuario-con-ingenieria\/agua-y-quimica\/llenado-y-puesta-en-marcha\/","title":{"rendered":"Llenado y puesta en marcha"},"content":{"rendered":"\n<h2 class=\"wp-block-heading\">Datos del llenado<\/h2>\n\n\n\n<p>En el proceso de llenado del acuario, se han realizado las siguientes mediciones:<\/p>\n\n\n\n<ul class=\"wp-block-list\"><li><strong>Volumen real tanque principal <\/strong>(hasta el rebosadero): <strong>185L <\/strong><ul><li>De los 270L externos quedan 245L internos, se pierden 33.5L bajo el rebosadero y unos 26.5 en decoraci\u00f3n<\/li><\/ul><\/li><li><strong>Volumen real SUMP<\/strong> (hasta el nivel m\u00e1ximo de seguridad, que permite que la bajada se atasque y suba todo el agua del \u00faltimo compartimento del SUMP al tanque principal sin desbordar): <strong>60L<\/strong><\/li><li>Volumen real en filtro externo y enfriador: <strong>26L<\/strong><\/li><li><strong>Volumen real total:<\/strong> <strong>271L<\/strong><\/li><\/ul>\n\n\n\n<p>Los par\u00e1metros medidos del agua del grifo en el d\u00eda de llenado son:<\/p>\n\n\n\n<ul class=\"wp-block-list\"><li>pH: 6.9 (medido con gotas JBL)<\/li><li>GH: 3<\/li><li>KH: 1<\/li><li>NO2: 0.2<\/li><li>NO3: 2<\/li><li>NH4: &lt;0.05<\/li><li>Temperatura: 17\u00baC<\/li><\/ul>\n\n\n\n<h2 class=\"wp-block-heading\">Datos tras 36 horas<\/h2>\n\n\n\n<p>Los par\u00e1metros tras 36 horas en contacto con los distintos elementos decorativos y de filtrado son:<\/p>\n\n\n\n<ul class=\"wp-block-list\"><li>pH: 7.8 (medido con sonda GHL)<\/li><li>GH: 4<\/li><li>KH: 3<\/li><li>NO2: 0.2<\/li><li>NO3: 0<\/li><li>NH4: &lt;0.05<\/li><li>Redox: 298 mv<\/li><li>Conductividad: 0.3 mS<\/li><li>Temperatura: 24\u00baC<\/li><\/ul>\n\n\n\n<h2 class=\"wp-block-heading\">Aditado de sales y declorado<\/h2>\n\n\n\n<p>Dado que el volumen total son 270L  y hay hay que subir el GH 5 grados y el KH 7 grados, es preciso a\u00f1adir:<\/p>\n\n\n\n<ul class=\"wp-block-list\"><li>Bicarbonato s\u00f3dico: 54.4g<\/li><li>Carbonato s\u00f3dico: 0.7g<\/li><li>Sulfato magn\u00e9sico: 25.1g<\/li><li>Cloruro de calcio: 15.4g<\/li><li>Cloruro pot\u00e1sico: 3g<\/li><\/ul>\n\n\n\n<p>Dichas sales se a\u00f1adieron tras 36 horas. <\/p>\n\n\n\n<p>Asimismo, se a\u00f1adi\u00f3 \u00e1cido asc\u00f3rbico para eliminar el cloro y las cloraminas, siendo la cantidad adecuada para el volumen del acuario 2.2g.<\/p>\n\n\n\n<h2 class=\"wp-block-heading\">Ciclado<\/h2>\n\n\n\n<p>Se realiza un ciclado hibrido. Se hace un sembrado inicial de bacterias y materiales que aceleran el ciclado, y una alimentaci\u00f3n continua combinando comida, amoniaco y nitrato, para alimentar todas las colonias bacterianas.<\/p>\n\n\n\n<p>Durante el ciclado no se tienen plantas, se apaga la luz y se sube la temperatura a 29\u00baC.<\/p>\n\n\n\n<p>Las cantidades que se muestran a continuaci\u00f3n son las adecuadas para un acuario de 270L.<\/p>\n\n\n\n<h3 class=\"wp-block-heading\">Inicio del ciclado (una \u00fanica vez)<\/h3>\n\n\n\n<ul class=\"wp-block-list\"><li>Tierra de maceta: Un pu\u00f1ado de tierra de maceta, colocado en una bolsa de tela<\/li><li>Fosfato mono pot\u00e1sico: 1.5 g<\/li><li>Azucar: 11g<\/li><li>Quelato de hierro: 1\/6 de la dosis recomendada de un abono de quelato de hierro para una maceta<\/li><\/ul>\n\n\n\n<h3 class=\"wp-block-heading\">Aditado diario<\/h3>\n\n\n\n<ul class=\"wp-block-list\"><li>Nitrito S\u00f3dico: 0.5g<\/li><li>Amoniaco: 10ml de amoniaco sin perfurmar al 5% (o 8ml de amoniaco sin perfumar al 3%)<\/li><li>Comida: 1.5 g de comida al d\u00eda<\/li><\/ul>\n\n\n\n<p>Sales necesarias para mantener el KH y el GH a los niveles deseados (ver secci\u00f3n <a href=\"https:\/\/antonio.mg\/index.php\/un-acuario-con-ingenieria\/agua-y-quimica\/\" data-type=\"page\" data-id=\"170\">Agua y qu\u00edmica<\/a>)<\/p>\n","protected":false},"excerpt":{"rendered":"<p>Datos del llenado En el proceso de llenado del acuario, se han realizado las siguientes mediciones: Volumen real tanque principal (hasta el rebosadero): 185L De los 270L externos quedan 245L internos, se pierden 33.5L bajo el rebosadero y unos 26.5 en decoraci\u00f3n Volumen real SUMP (hasta el nivel m\u00e1ximo de seguridad, que permite que la &hellip; <a href=\"https:\/\/antonio.mg\/index.php\/un-acuario-con-ingenieria\/agua-y-quimica\/llenado-y-puesta-en-marcha\/\" class=\"more-link\">Continuar leyendo<span class=\"screen-reader-text\"> \u00abLlenado y puesta en marcha\u00bb<\/span><\/a><\/p>\n","protected":false},"author":1,"featured_media":0,"parent":170,"menu_order":0,"comment_status":"closed","ping_status":"closed","template":"","meta":{"_monsterinsights_skip_tracking":false,"_monsterinsights_sitenote_active":false,"_monsterinsights_sitenote_note":"","_monsterinsights_sitenote_category":0,"footnotes":""},"class_list":["post-180","page","type-page","status-publish","hentry"],"_links":{"self":[{"href":"https:\/\/antonio.mg\/index.php\/wp-json\/wp\/v2\/pages\/180","targetHints":{"allow":["GET"]}}],"collection":[{"href":"https:\/\/antonio.mg\/index.php\/wp-json\/wp\/v2\/pages"}],"about":[{"href":"https:\/\/antonio.mg\/index.php\/wp-json\/wp\/v2\/types\/page"}],"author":[{"embeddable":true,"href":"https:\/\/antonio.mg\/index.php\/wp-json\/wp\/v2\/users\/1"}],"replies":[{"embeddable":true,"href":"https:\/\/antonio.mg\/index.php\/wp-json\/wp\/v2\/comments?post=180"}],"version-history":[{"count":10,"href":"https:\/\/antonio.mg\/index.php\/wp-json\/wp\/v2\/pages\/180\/revisions"}],"predecessor-version":[{"id":204,"href":"https:\/\/antonio.mg\/index.php\/wp-json\/wp\/v2\/pages\/180\/revisions\/204"}],"up":[{"embeddable":true,"href":"https:\/\/antonio.mg\/index.php\/wp-json\/wp\/v2\/pages\/170"}],"wp:attachment":[{"href":"https:\/\/antonio.mg\/index.php\/wp-json\/wp\/v2\/media?parent=180"}],"curies":[{"name":"wp","href":"https:\/\/api.w.org\/{rel}","templated":true}]}}