{"id":170,"date":"2021-11-03T16:35:25","date_gmt":"2021-11-03T15:35:25","guid":{"rendered":"https:\/\/antonio.mg\/?page_id=170"},"modified":"2022-01-16T21:01:02","modified_gmt":"2022-01-16T20:01:02","slug":"agua-y-quimica","status":"publish","type":"page","link":"https:\/\/antonio.mg\/index.php\/un-acuario-con-ingenieria\/agua-y-quimica\/","title":{"rendered":"Agua y qu\u00edmica"},"content":{"rendered":"\n<h2 class=\"wp-block-heading\">Par\u00e1metros de partida<\/h2>\n\n\n\n<p>El agua de partida (agua del grifo de Madrid capital, zona Ventas) tiene habitualmente los siguientes par\u00e1metros:<\/p>\n\n\n\n<ul class=\"wp-block-list\"><li>GH: 3<\/li><li>KH: 1.5<\/li><li>pH: 6.8-7<\/li><\/ul>\n\n\n\n<h2 class=\"wp-block-heading\">Par\u00e1metros objetivo<\/h2>\n\n\n\n<p>Para un biotopo Malawi, se han definido los siguientes par\u00e1metros objetivo:<\/p>\n\n\n\n<ul class=\"wp-block-list\"><li>GH: 10<\/li><li>KH: 9<\/li><li>pH: 7.9<\/li><li>Temperatura: 26\u00ba- 28\u00ba, seg\u00fan la estaci\u00f3n<\/li><\/ul>\n\n\n\n<h2 class=\"wp-block-heading\">Qu\u00edmica<\/h2>\n\n\n\n<h3 class=\"wp-block-heading\">Frecuencia de cambios de agua <\/h3>\n\n\n\n<p>En los acuarios de biotopo Malawi se recomienda realizar un cambio de aproximadamente 20%-25% semanal. No obstante, mediante automatizaci\u00f3n nuestro acuario puede hacer cambios de agua diarios.<\/p>\n\n\n\n<p>Para conseguir un cambio semanal equivalente del 25%, habr\u00eda que cambiar un 4% de agua al d\u00eda (en cada cambio queda un 96%, y 96% elevado a 7 es aproximadamente el 75% que quedar\u00eda tras hacer un cambio del 25%). <\/p>\n\n\n\n<p>Con dicho cambio diario del 4% se lograr\u00eda una concentraci\u00f3n media de nitratos equivalente a la de los cambios del 25%, si bien este tipo de cambio de agua resulta en picos de nitratos menores que con cambios semanales. De hecho, se podr\u00eda bajar hasta el 3,5% de cambio diario para obtener un pico m\u00e1ximo de nitratos similar al que habr\u00eda justo antes de hacer el cambio del 25%.<\/p>\n\n\n\n<p>En el caso de este acuario, se ha optado por hacer cambios del 4% diario, es decir, unos 10 litros diarios<\/p>\n\n\n\n<h3 class=\"wp-block-heading\">Eliminaci\u00f3n de cloro y cloraminas<\/h3>\n\n\n\n<p>La opci\u00f3n primaria es Seachem Prime, que probablemente est\u00e1 compuesto de formaldehido bisulfito s\u00f3dico. Este permite eliminar el cloro (reducido a cloruro) y capturar temporalmente el amoniaco, liber\u00e1ndose lentamente a un ritmo al que el filtro biol\u00f3gico puede responder.<\/p>\n\n\n\n<p>El \u00c1cido Asc\u00f3rbico es una alternativa adecuada si se desea bajar el pH ligeramente. En las cantidades en las que se va a usar (cambios de agua diarios de pocos litros), el \u00c1cido Asc\u00f3rbico neutralizar\u00e1 el cloro y las cloraminas y no tendr\u00e1 un efecto importante sobre el pH, pero en cambios de agua grandes o en el llenado inicial el \u00c1cido Asc\u00f3rbico puede ayudar a regular ligeramente el pH.<\/p>\n\n\n\n<h4 class=\"wp-block-heading\">Decloraci\u00f3n con \u00c1cido Asc\u00f3rbico<\/h4>\n\n\n\n<p>El factor de neutralizaci\u00f3n de cloramina del \u00e1cido asc\u00f3rbico es de 4:1, es decir, para cada gramo de cloramina se necesitan 4 gramos de \u00e1cido asc\u00f3rbico.<\/p>\n\n\n\n<p>Para la neutralizaci\u00f3n del cloro, el factor es 1:2. Por tanto, si el agua no tiene cloraminas, se puede usar la mitad de dosis.<\/p>\n\n\n\n<p>La U.E. limita el contenido de amon\u00edaco a un m\u00e1ximo en agua potable a 0,5 mg\/l. Dado que la cloramina contiene amoniaco, esto implica que el contenido m\u00e1ximo de cloraminas, (monocloramina) ser\u00e1 de 2 mg\/l.<\/p>\n\n\n\n<p>Por tanto necesitar\u00edamos 8mg\/l de \u00c1cido Asc\u00f3rbico para eliminar las cloraminas del agua. <\/p>\n\n\n\n<p>La solubilidad del \u00e1cido asc\u00f3rbico es de 33g\/100ml. Por tanto, se puede realizar una disoluci\u00f3n de 40g\/l: Se a\u00f1aden 60g de \u00e1cido asc\u00f3rbico y se completa con agua destilada hasta alcanzar 1,5 litros.<\/p>\n\n\n\n<p>Dado que tenemos 40g\/l de concentraci\u00f3n, para a\u00f1adir 8mg necesitamos a\u00f1adir  0.2ml. Por tanto, con esta disoluci\u00f3n, necesitaremos 0.2ml de disoluci\u00f3n por cada litro nuevo de agua que incorporemos al acuario (es decir, 2ml de disoluci\u00f3n cada d\u00eda, para 10 litros de agua cambiada cada d\u00eda).<\/p>\n\n\n\n<h3 class=\"wp-block-heading\">Sales para simular el biotopo Malawi<\/h3>\n\n\n\n<h4 class=\"wp-block-heading\">Control de la dureza general (GH)<\/h4>\n\n\n\n<p>La dureza general se sube usando las siguientes sales:<\/p>\n\n\n\n<p><strong>Sulfato magn\u00e9sico MgSO4+7 H2O<\/strong>: 18.6mg por cada litro de agua y grado de GH que se deba subir.<\/p>\n\n\n\n<p><strong>Cloruro c\u00e1lcico&nbsp;&nbsp;CaCl2<\/strong>: 11.4mg por cada litro de agua y grado de GH que se deba subir.<\/p>\n\n\n\n<h4 class=\"wp-block-heading\"><meta charset=\"utf-8\">Control de la dureza DE CARBONATOS (KH)<\/h4>\n\n\n\n<p>La dureza de carbonatos se sube con las siguientes sales:<\/p>\n\n\n\n<p><strong>Bicarbonato s\u00f3dico NaHCO3<\/strong>: 28.79mg por cada litro de agua y grado de KH que se deba subir.<\/p>\n\n\n\n<p><strong>Carbonato s\u00f3dico Na2CO3<\/strong>: 0.36mg por cada litro de agua y grado de KH que se deba subir.<\/p>\n\n\n\n<h4 class=\"wp-block-heading\"><meta charset=\"utf-8\">Incorporaci\u00f3n de potasio<\/h4>\n\n\n\n<p>Se recomienda a\u00f1adir al biotopo Malawi la siguiente sal:<\/p>\n\n\n\n<p><strong>Cloruro pot\u00e1sico KCl<\/strong>: 11mg por cada litro de agua<\/p>\n\n\n\n<h4 class=\"wp-block-heading\">Mezcla de sales<\/h4>\n\n\n\n<p>El sulfato magn\u00e9sico y el cloruro c\u00e1lcico no se deben mezclar, ya que pueden reaccionar entre ellas. Por tanto, es preciso preparar 3 disoluciones distintas<\/p>\n\n\n\n<h5 class=\"wp-block-heading\">Disoluci\u00f3n 1: Carbonatos<\/h5>\n\n\n\n<p>Esta disoluci\u00f3n tiene como objetivo subir el KH.<\/p>\n\n\n\n<ul class=\"wp-block-list\"><li>Bicarbonato s\u00f3dico: 86.9g\/l<\/li><li>Carbonato s\u00f3dico: 1.08g\/l<\/li><\/ul>\n\n\n\n<p>Se a\u00f1aden 130,36g de Bicarbonato s\u00f3dico y 1.63g de carbonato s\u00f3dico, y se completa con agua hasta alcanzar 1.5 litros. Con 1ml esta soluci\u00f3n se tratan 3 litros de agua para subir 1 grado el KH. Por tanto, ser\u00e1n necesarios 24,85ml para subir 7,5 grados el KH a 10 litros.<\/p>\n\n\n\n<h5 class=\"wp-block-heading\">Disoluci\u00f3n 2: Cloruros<\/h5>\n\n\n\n<p>Esta disoluci\u00f3n cumple dos funciones: subir el GH aportando calcio, y a\u00f1adir potasio. Por tanto, hay que determinar la relaci\u00f3n entre ambos. Se asumir\u00e1 que se desean subir aproximadamente 7 grados el GH, y a\u00f1adir la cantidad fija de Cloruro Pot\u00e1sico. <\/p>\n\n\n\n<ul class=\"wp-block-list\"><li>Cloruro c\u00e1lcico: 89,84g\/l<\/li><li>Cloruro pot\u00e1sico: 12,36g\/l<\/li><\/ul>\n\n\n\n<p>Se a\u00f1aden 134.75g de cloruro c\u00e1lcico y 18.54g de cloruro pot\u00e1sico, y se a\u00f1ade agua hasta alcanzar 1.5 litros. <\/p>\n\n\n\n<p>Con 1ml de esta disoluci\u00f3n se aporta el cloruro c\u00e1lcico necesario para subir 7 grados el GH de 1 litro de agua, y el cloruro pot\u00e1sico necesario para 1 litro de agua. Por tanto, ser\u00e1n necesarios 8,9ml de esta disoluci\u00f3n para tratar 10 litros de agua subiendo 7 grados el GH.<\/p>\n\n\n\n<h5 class=\"wp-block-heading\">Disoluci\u00f3n 3: Sulfato magn\u00e9sico<\/h5>\n\n\n\n<p>El objetivo de esta disoluci\u00f3n es subir el GH aportando magnesio. <\/p>\n\n\n\n<ul class=\"wp-block-list\"><li>Sulfato magn\u00e9sico: 148.8g \/ l<\/li><\/ul>\n\n\n\n<p>Se a\u00f1aden 223.2g de sulfato magn\u00e9sico y se completa hasta alcanzar 1.5l de agua. Con 1ml de esta disoluci\u00f3n se suben 8 grados el GH de 1 litro de agua. Por tanto, ser\u00e1n necesarios 8,75ml para tratar 10 litros de agua subiendo 7 grados el GH.<\/p>\n","protected":false},"excerpt":{"rendered":"<p>Par\u00e1metros de partida El agua de partida (agua del grifo de Madrid capital, zona Ventas) tiene habitualmente los siguientes par\u00e1metros: GH: 3 KH: 1.5 pH: 6.8-7 Par\u00e1metros objetivo Para un biotopo Malawi, se han definido los siguientes par\u00e1metros objetivo: GH: 10 KH: 9 pH: 7.9 Temperatura: 26\u00ba- 28\u00ba, seg\u00fan la estaci\u00f3n Qu\u00edmica Frecuencia de cambios &hellip; <a href=\"https:\/\/antonio.mg\/index.php\/un-acuario-con-ingenieria\/agua-y-quimica\/\" class=\"more-link\">Continuar leyendo<span class=\"screen-reader-text\"> \u00abAgua y qu\u00edmica\u00bb<\/span><\/a><\/p>\n","protected":false},"author":1,"featured_media":0,"parent":11,"menu_order":7,"comment_status":"closed","ping_status":"closed","template":"","meta":{"_monsterinsights_skip_tracking":false,"_monsterinsights_sitenote_active":false,"_monsterinsights_sitenote_note":"","_monsterinsights_sitenote_category":0,"footnotes":""},"class_list":["post-170","page","type-page","status-publish","hentry"],"_links":{"self":[{"href":"https:\/\/antonio.mg\/index.php\/wp-json\/wp\/v2\/pages\/170","targetHints":{"allow":["GET"]}}],"collection":[{"href":"https:\/\/antonio.mg\/index.php\/wp-json\/wp\/v2\/pages"}],"about":[{"href":"https:\/\/antonio.mg\/index.php\/wp-json\/wp\/v2\/types\/page"}],"author":[{"embeddable":true,"href":"https:\/\/antonio.mg\/index.php\/wp-json\/wp\/v2\/users\/1"}],"replies":[{"embeddable":true,"href":"https:\/\/antonio.mg\/index.php\/wp-json\/wp\/v2\/comments?post=170"}],"version-history":[{"count":6,"href":"https:\/\/antonio.mg\/index.php\/wp-json\/wp\/v2\/pages\/170\/revisions"}],"predecessor-version":[{"id":212,"href":"https:\/\/antonio.mg\/index.php\/wp-json\/wp\/v2\/pages\/170\/revisions\/212"}],"up":[{"embeddable":true,"href":"https:\/\/antonio.mg\/index.php\/wp-json\/wp\/v2\/pages\/11"}],"wp:attachment":[{"href":"https:\/\/antonio.mg\/index.php\/wp-json\/wp\/v2\/media?parent=170"}],"curies":[{"name":"wp","href":"https:\/\/api.w.org\/{rel}","templated":true}]}}