{"id":165,"date":"2021-11-03T12:53:51","date_gmt":"2021-11-03T11:53:51","guid":{"rendered":"https:\/\/antonio.mg\/?page_id=165"},"modified":"2021-11-03T12:54:15","modified_gmt":"2021-11-03T11:54:15","slug":"decoracion","status":"publish","type":"page","link":"https:\/\/antonio.mg\/index.php\/un-acuario-con-ingenieria\/decoracion\/","title":{"rendered":"Decoraci\u00f3n"},"content":{"rendered":"\n<p>Al elegirse un biotopo de Lago Malawi, la decoraci\u00f3n del acuario se basa en arena y roca, sin plantas ni otros elementos decorativos.<\/p>\n\n\n\n<p>La arena elegida es arena de coral de 0-1mm de grosor, de marca Aquamedic. Han sido necesarios unos 20kg de arena para el acuario.<\/p>\n\n\n\n<p>Las rocas son de tipo Roca Drag\u00f3n. Dicha roca tiene dos problemas para usarlos en el acuario, que han debido solventarse:<\/p>\n\n\n\n<ul class=\"wp-block-list\"><li>Gran cantidad de arcilla y tierra, requiriendo limpieza en profundidad. Tras m\u00faltiples pruebas, se ha constatado que el mejor proceso de limpieza es combinar el agua a presi\u00f3n (con hidrolimpiadora como las usadas en los auto-lavados) y el cepillado mediante cepillos met\u00e1licos en una multiherramienta giratoria tipo Dremel. De esta forma, con un proceso iterativo (limpiar con agua, esperar al secado, cepillar y volver a limpiar con agua), se eliminan todos los restos de arcilla y tierra adheridos a la roca.<\/li><li>Bordes afilados y cortantes: Para lo cual ha sido necesario pulirlos usando accesorios de tipo cepillo met\u00e1lico o amoladora en una multiherramienta giratoria tipo Dremel. Se han pulido todos los cantos y bordes de la roca de modo que no corten.<\/li><\/ul>\n","protected":false},"excerpt":{"rendered":"<p>Al elegirse un biotopo de Lago Malawi, la decoraci\u00f3n del acuario se basa en arena y roca, sin plantas ni otros elementos decorativos. La arena elegida es arena de coral de 0-1mm de grosor, de marca Aquamedic. Han sido necesarios unos 20kg de arena para el acuario. Las rocas son de tipo Roca Drag\u00f3n. Dicha &hellip; <a href=\"https:\/\/antonio.mg\/index.php\/un-acuario-con-ingenieria\/decoracion\/\" class=\"more-link\">Continuar leyendo<span class=\"screen-reader-text\"> \u00abDecoraci\u00f3n\u00bb<\/span><\/a><\/p>\n","protected":false},"author":1,"featured_media":0,"parent":11,"menu_order":5,"comment_status":"closed","ping_status":"closed","template":"","meta":{"_monsterinsights_skip_tracking":false,"_monsterinsights_sitenote_active":false,"_monsterinsights_sitenote_note":"","_monsterinsights_sitenote_category":0,"footnotes":""},"class_list":["post-165","page","type-page","status-publish","hentry"],"_links":{"self":[{"href":"https:\/\/antonio.mg\/index.php\/wp-json\/wp\/v2\/pages\/165","targetHints":{"allow":["GET"]}}],"collection":[{"href":"https:\/\/antonio.mg\/index.php\/wp-json\/wp\/v2\/pages"}],"about":[{"href":"https:\/\/antonio.mg\/index.php\/wp-json\/wp\/v2\/types\/page"}],"author":[{"embeddable":true,"href":"https:\/\/antonio.mg\/index.php\/wp-json\/wp\/v2\/users\/1"}],"replies":[{"embeddable":true,"href":"https:\/\/antonio.mg\/index.php\/wp-json\/wp\/v2\/comments?post=165"}],"version-history":[{"count":1,"href":"https:\/\/antonio.mg\/index.php\/wp-json\/wp\/v2\/pages\/165\/revisions"}],"predecessor-version":[{"id":166,"href":"https:\/\/antonio.mg\/index.php\/wp-json\/wp\/v2\/pages\/165\/revisions\/166"}],"up":[{"embeddable":true,"href":"https:\/\/antonio.mg\/index.php\/wp-json\/wp\/v2\/pages\/11"}],"wp:attachment":[{"href":"https:\/\/antonio.mg\/index.php\/wp-json\/wp\/v2\/media?parent=165"}],"curies":[{"name":"wp","href":"https:\/\/api.w.org\/{rel}","templated":true}]}}