{"id":148,"date":"2021-11-01T11:52:05","date_gmt":"2021-11-01T10:52:05","guid":{"rendered":"https:\/\/antonio.mg\/?page_id=148"},"modified":"2021-11-01T12:38:38","modified_gmt":"2021-11-01T11:38:38","slug":"sump","status":"publish","type":"page","link":"https:\/\/antonio.mg\/index.php\/un-acuario-con-ingenieria\/filtracion\/sump\/","title":{"rendered":"SUMP"},"content":{"rendered":"\n<h2 class=\"wp-block-heading\">Urna<\/h2>\n\n\n\n<p>La urna para el SUMP tiene unas dimensiones de 59cm x 43cm x 45cm. Est\u00e1 estructurado en tres espacios principales: entrada de agua (bajada desde el acuario), filtraci\u00f3n biol\u00f3gica, retorno de agua (subida al acuario).<\/p>\n\n\n\n<figure class=\"wp-block-image size-large\"><img loading=\"lazy\" decoding=\"async\" width=\"997\" height=\"1024\" src=\"https:\/\/antonio.mg\/wp-content\/uploads\/2021\/11\/Captura-de-pantalla-2021-11-01-a-las-11.56.20-997x1024.png\" alt=\"\" class=\"wp-image-155\" srcset=\"https:\/\/antonio.mg\/wp-content\/uploads\/2021\/11\/Captura-de-pantalla-2021-11-01-a-las-11.56.20-997x1024.png 997w, https:\/\/antonio.mg\/wp-content\/uploads\/2021\/11\/Captura-de-pantalla-2021-11-01-a-las-11.56.20-292x300.png 292w, https:\/\/antonio.mg\/wp-content\/uploads\/2021\/11\/Captura-de-pantalla-2021-11-01-a-las-11.56.20-768x789.png 768w, https:\/\/antonio.mg\/wp-content\/uploads\/2021\/11\/Captura-de-pantalla-2021-11-01-a-las-11.56.20-1496x1536.png 1496w, https:\/\/antonio.mg\/wp-content\/uploads\/2021\/11\/Captura-de-pantalla-2021-11-01-a-las-11.56.20-1200x1232.png 1200w, https:\/\/antonio.mg\/wp-content\/uploads\/2021\/11\/Captura-de-pantalla-2021-11-01-a-las-11.56.20.png 1640w\" sizes=\"auto, (max-width: 709px) 85vw, (max-width: 909px) 67vw, (max-width: 1362px) 62vw, 840px\" \/><figcaption>Alzado del SUMP, cotas y volumen<\/figcaption><\/figure>\n\n\n\n<h2 class=\"wp-block-heading\">Entrada de agua (bajada desde el acuario)<\/h2>\n\n\n\n<p>La entrada del agua se realiza en la c\u00e1mara de la derecha, la de mayor tama\u00f1o, de 29 litros. En dicha zona se coloca una base de rejilla de filtro de arena, y el tubo de bajada llega hasta el fondo del SUMP, fluyendo el agua de forma uniforme desde toda la base de la c\u00e1mara.<\/p>\n\n\n\n<p>Sobre la rejilla se colocan canutillos filtrantes que act\u00faan como filtro mec\u00e1nico y permiten reducir la velocidad y romper el flujo de agua, produciendo la decantaci\u00f3n de los desechos biol\u00f3gicos de mayor tama\u00f1o, que quedar\u00e1n en el fondo del SUMP hasta que se descompongan. <\/p>\n\n\n\n<p>A continuaci\u00f3n se colocan plantas o algas, que reciben iluminaci\u00f3n desde la tapa del SUMP, siendo esta c\u00e1mara una zona iluminada. <\/p>\n\n\n\n<p>Este espacio tambi\u00e9n alberga las sondas de temperatura, ph, redox, etc. as\u00ed como los tubos de incorporaci\u00f3n de l\u00edquidos de las bombas perist\u00e1lticas, la incorporaci\u00f3n de agua de la red para el autorrellenado, y la salida del agua al desag\u00fce para el cambio autom\u00e1tico de agua. <\/p>\n\n\n\n<h2 class=\"wp-block-heading\">Filtraci\u00f3n biol\u00f3gica<\/h2>\n\n\n\n<p>La primera fase de filtraci\u00f3n biol\u00f3gica (9L) consiste en estropajo pl\u00e1stico de colores. Al final de dicha fase hay una rejilla que permite la salida uniforme del agua para pasar a la siguiente c\u00e1mara.<\/p>\n\n\n\n<p>La segunda fase de filtraci\u00f3n biol\u00f3gica (14L) se realiza mediante lecho flu\u00eddo de Kaldness K1. Por tanto, en esta parte, adem\u00e1s del medio filtrante (unos 8.5 litros de K1), se coloca una bomba de recirculaci\u00f3n y una bomba de aire, maximizando la oxigenaci\u00f3n del medio.<\/p>\n\n\n\n<h2 class=\"wp-block-heading\">Salida de agua (subida al acuario)<\/h2>\n\n\n\n<p>La tercera c\u00e1mara (15,6L) contiene la bomba de subida y el calentador. Se valorar\u00e1 m\u00e1s adelante a\u00f1adir m\u00e1s medio Kaldness K1 creando una c\u00e1mara en torno a la bomba de subida para evitar que el medio filtrante pase a la c\u00e1mara.<\/p>\n\n\n\n<h2 class=\"wp-block-heading\">Vol\u00famenes de agua en trabajo<\/h2>\n\n\n\n<p>El SUMP se ha dise\u00f1ado priorizando la seguridad del sistema, en base a los siguientes dos principios:<\/p>\n\n\n\n<ul class=\"wp-block-list\"><li>Si se para la bomba de subida, todo el agua que puede bajar (hasta el nivel del rebosadero del tanque principal) entra en el SUMP. Este nivel es el nivel de auto-llenado del SUMP<\/li><li>Si se atasca la bajada de agua, todo el agua que puede subirse desde el SUMP entra en el tanque principal entre el nivel del rebosadero y el borde del acuario. Esto determina el nivel m\u00e1ximo de vaciado del SUMP, en base a la altura de los cristales que separan las c\u00e1mara<\/li><\/ul>\n\n\n\n<p>Seg\u00fan los dos principios anteriores, la siguiente imagen muestra el dise\u00f1o completo del SUMP, con los niveles de auto-llenado y vaciado m\u00e1ximo, as\u00ed como las distintas c\u00e1maras y el material que contienen.<\/p>\n\n\n\n<figure class=\"wp-block-image size-large\"><img loading=\"lazy\" decoding=\"async\" width=\"1024\" height=\"1021\" src=\"https:\/\/antonio.mg\/wp-content\/uploads\/2021\/11\/Recurso-18-1024x1021.jpg\" alt=\"SUMP a nivel m\u00e1ximo (auto-relleno, bomba parada)\" class=\"wp-image-161\" srcset=\"https:\/\/antonio.mg\/wp-content\/uploads\/2021\/11\/Recurso-18-1024x1021.jpg 1024w, https:\/\/antonio.mg\/wp-content\/uploads\/2021\/11\/Recurso-18-300x300.jpg 300w, https:\/\/antonio.mg\/wp-content\/uploads\/2021\/11\/Recurso-18-150x150.jpg 150w, https:\/\/antonio.mg\/wp-content\/uploads\/2021\/11\/Recurso-18-768x766.jpg 768w, https:\/\/antonio.mg\/wp-content\/uploads\/2021\/11\/Recurso-18-1536x1532.jpg 1536w, https:\/\/antonio.mg\/wp-content\/uploads\/2021\/11\/Recurso-18-1200x1197.jpg 1200w, https:\/\/antonio.mg\/wp-content\/uploads\/2021\/11\/Recurso-18.jpg 1555w\" sizes=\"auto, (max-width: 709px) 85vw, (max-width: 909px) 67vw, (max-width: 1362px) 62vw, 840px\" \/><\/figure>\n\n\n\n<figure class=\"wp-block-image size-large\"><img loading=\"lazy\" decoding=\"async\" width=\"1024\" height=\"1021\" src=\"https:\/\/antonio.mg\/wp-content\/uploads\/2021\/11\/Recurso-19-1024x1021.jpg\" alt=\"SUMP con configuraci\u00f3n en vaciado m\u00e1ximo\" class=\"wp-image-160\" srcset=\"https:\/\/antonio.mg\/wp-content\/uploads\/2021\/11\/Recurso-19-1024x1021.jpg 1024w, https:\/\/antonio.mg\/wp-content\/uploads\/2021\/11\/Recurso-19-300x300.jpg 300w, https:\/\/antonio.mg\/wp-content\/uploads\/2021\/11\/Recurso-19-150x150.jpg 150w, https:\/\/antonio.mg\/wp-content\/uploads\/2021\/11\/Recurso-19-768x766.jpg 768w, https:\/\/antonio.mg\/wp-content\/uploads\/2021\/11\/Recurso-19-1536x1531.jpg 1536w, https:\/\/antonio.mg\/wp-content\/uploads\/2021\/11\/Recurso-19-1200x1196.jpg 1200w, https:\/\/antonio.mg\/wp-content\/uploads\/2021\/11\/Recurso-19.jpg 1555w\" sizes=\"auto, (max-width: 709px) 85vw, (max-width: 909px) 67vw, (max-width: 1362px) 62vw, 840px\" \/><\/figure>\n","protected":false},"excerpt":{"rendered":"<p>Urna La urna para el SUMP tiene unas dimensiones de 59cm x 43cm x 45cm. Est\u00e1 estructurado en tres espacios principales: entrada de agua (bajada desde el acuario), filtraci\u00f3n biol\u00f3gica, retorno de agua (subida al acuario). Entrada de agua (bajada desde el acuario) La entrada del agua se realiza en la c\u00e1mara de la derecha, &hellip; <a href=\"https:\/\/antonio.mg\/index.php\/un-acuario-con-ingenieria\/filtracion\/sump\/\" class=\"more-link\">Continuar leyendo<span class=\"screen-reader-text\"> \u00abSUMP\u00bb<\/span><\/a><\/p>\n","protected":false},"author":1,"featured_media":0,"parent":146,"menu_order":0,"comment_status":"closed","ping_status":"closed","template":"","meta":{"_monsterinsights_skip_tracking":false,"_monsterinsights_sitenote_active":false,"_monsterinsights_sitenote_note":"","_monsterinsights_sitenote_category":0,"footnotes":""},"class_list":["post-148","page","type-page","status-publish","hentry"],"_links":{"self":[{"href":"https:\/\/antonio.mg\/index.php\/wp-json\/wp\/v2\/pages\/148","targetHints":{"allow":["GET"]}}],"collection":[{"href":"https:\/\/antonio.mg\/index.php\/wp-json\/wp\/v2\/pages"}],"about":[{"href":"https:\/\/antonio.mg\/index.php\/wp-json\/wp\/v2\/types\/page"}],"author":[{"embeddable":true,"href":"https:\/\/antonio.mg\/index.php\/wp-json\/wp\/v2\/users\/1"}],"replies":[{"embeddable":true,"href":"https:\/\/antonio.mg\/index.php\/wp-json\/wp\/v2\/comments?post=148"}],"version-history":[{"count":2,"href":"https:\/\/antonio.mg\/index.php\/wp-json\/wp\/v2\/pages\/148\/revisions"}],"predecessor-version":[{"id":164,"href":"https:\/\/antonio.mg\/index.php\/wp-json\/wp\/v2\/pages\/148\/revisions\/164"}],"up":[{"embeddable":true,"href":"https:\/\/antonio.mg\/index.php\/wp-json\/wp\/v2\/pages\/146"}],"wp:attachment":[{"href":"https:\/\/antonio.mg\/index.php\/wp-json\/wp\/v2\/media?parent=148"}],"curies":[{"name":"wp","href":"https:\/\/api.w.org\/{rel}","templated":true}]}}