{"id":146,"date":"2021-11-01T11:50:56","date_gmt":"2021-11-01T10:50:56","guid":{"rendered":"https:\/\/antonio.mg\/?page_id=146"},"modified":"2021-11-01T11:57:50","modified_gmt":"2021-11-01T10:57:50","slug":"filtracion","status":"publish","type":"page","link":"https:\/\/antonio.mg\/index.php\/un-acuario-con-ingenieria\/filtracion\/","title":{"rendered":"Filtraci\u00f3n"},"content":{"rendered":"\n<h2 class=\"wp-block-heading\">Principios fundamentales de la filtraci\u00f3n<\/h2>\n\n\n\n<p>La filtraci\u00f3n del acuario se ha dise\u00f1ado fundamentalmente siguiendo los an\u00e1lisis realizados en aquariumscience.org, que compara la efectividad de distintos medios de filtraci\u00f3n.<\/p>\n\n\n\n<p>Los an\u00e1lisis de aquariumscience.org demuestran que los materiales filtrantes caros promovidos por las marcas no son necesariamente los m\u00e1s efectivos. En general, se pueden inferir los siguientes principios:<\/p>\n\n\n\n<ul class=\"wp-block-list\"><li>La filtraci\u00f3n tiene como objetivo:<ul><li>Transformar amoniacos en nitratos<\/li><li>Transformar materia org\u00e1nica en amoniacos<\/li><\/ul><\/li><li>La filtraci\u00f3n no puede eliminar nitratos del acuario<meta charset=\"utf-8\"><\/li><\/ul>\n\n\n\n<p>Los mejores medios de filtraci\u00f3n, en base a las pruebas, son el Kaldness K1, la espuma de 30 ppi (pores per inch) y el estropajo pl\u00e1stico para la limpieza de ollas y sartenes. Por contra, medios como los canutillos filtrantes o los materiales ultraporosos como el matrix ofrecen pobres resultados.<\/p>\n\n\n\n<p>Los medios que ganan en los an\u00e1lisis tienen en com\u00fan que permiten un gran flujo de agua en torno a ellos, al contrario de otros medios de gran porosidad que reclaman ofrecer grandes superficies para las bacterias. Por tanto, parece que para la formaci\u00f3n de bacterias es m\u00e1s importante mantener un correcto flujo de agua que el lograr una gran superficie a costa de reducir los flujos de agua.<\/p>\n\n\n\n<p>Existe una opci\u00f3n incluso m\u00e1s eficiente, que es utilizar el Kaldness K1 como base para un filtro de lecho flu\u00eddo, lo cual multiplica su eficiencia. Esto encaja con el principio anterior de que el mayor flujo (y probablemente oxigenaci\u00f3n) es la mejor manera de asegurar el buen funcionamiento de las bacterias.<\/p>\n\n\n\n<p>Seg\u00fan aquariumscience.org, la mayor\u00eda de materiales filtrantes pueden lograr transformar amoniacos en nitritos y nitritos en nitratos, incluso con peque\u00f1as cantidades. Esto justifica que la mayor\u00eda de acuarios funcionen bien incluso con filtraciones mediocres. No obstante, para conseguir una m\u00e1xima transparencia del agua, es necesario acelerar la descomposici\u00f3n de materia org\u00e1nica, lo cual requiere mayor capacidad filtrante. <\/p>\n\n\n\n<h2 class=\"wp-block-heading\">Dise\u00f1o de la filtraci\u00f3n<\/h2>\n\n\n\n<p>Aplicando los principios establecidos anteriormente, se ha decidido estructurar la filtraci\u00f3n con dos elementos fundamentales:<\/p>\n\n\n\n<ul class=\"wp-block-list\"><li><a href=\"https:\/\/antonio.mg\/index.php\/un-acuario-con-ingenieria\/filtracion\/sump\/\" data-type=\"page\" data-id=\"148\">SUMP<\/a>, con una fase peque\u00f1a de filtraci\u00f3n mec\u00e1nica para la decantaci\u00f3n (canutillos filtrantes), filtraci\u00f3n biol\u00f3gica mediante estropajos de pl\u00e1stico y lecho flu\u00eddo de Kaldness K1, y filtraci\u00f3n vegetal mediante plantas de r\u00e1pido crecimiento (emergidas) o algas.<\/li><li>Filtro presurizado, con prefiltro y una peque\u00f1a fase de filtraci\u00f3n mec\u00e1nica para la decantaci\u00f3n, y filtro biol\u00f3gico mediante estropajos de pl\u00e1stico.<ul><li>Eheim Professionel 5e 700<ul><li>1850 l\/h<\/li><li>Volumen: 12 litros<\/li><li>Volumen filtrante: 8 litros<\/li><li>Control por Wifi, caudal regulable<\/li><\/ul><\/li><\/ul><\/li><\/ul>\n","protected":false},"excerpt":{"rendered":"<p>Principios fundamentales de la filtraci\u00f3n La filtraci\u00f3n del acuario se ha dise\u00f1ado fundamentalmente siguiendo los an\u00e1lisis realizados en aquariumscience.org, que compara la efectividad de distintos medios de filtraci\u00f3n. Los an\u00e1lisis de aquariumscience.org demuestran que los materiales filtrantes caros promovidos por las marcas no son necesariamente los m\u00e1s efectivos. En general, se pueden inferir los siguientes &hellip; <a href=\"https:\/\/antonio.mg\/index.php\/un-acuario-con-ingenieria\/filtracion\/\" class=\"more-link\">Continuar leyendo<span class=\"screen-reader-text\"> \u00abFiltraci\u00f3n\u00bb<\/span><\/a><\/p>\n","protected":false},"author":1,"featured_media":0,"parent":11,"menu_order":4,"comment_status":"closed","ping_status":"closed","template":"","meta":{"_monsterinsights_skip_tracking":false,"_monsterinsights_sitenote_active":false,"_monsterinsights_sitenote_note":"","_monsterinsights_sitenote_category":0,"footnotes":""},"class_list":["post-146","page","type-page","status-publish","hentry"],"_links":{"self":[{"href":"https:\/\/antonio.mg\/index.php\/wp-json\/wp\/v2\/pages\/146","targetHints":{"allow":["GET"]}}],"collection":[{"href":"https:\/\/antonio.mg\/index.php\/wp-json\/wp\/v2\/pages"}],"about":[{"href":"https:\/\/antonio.mg\/index.php\/wp-json\/wp\/v2\/types\/page"}],"author":[{"embeddable":true,"href":"https:\/\/antonio.mg\/index.php\/wp-json\/wp\/v2\/users\/1"}],"replies":[{"embeddable":true,"href":"https:\/\/antonio.mg\/index.php\/wp-json\/wp\/v2\/comments?post=146"}],"version-history":[{"count":3,"href":"https:\/\/antonio.mg\/index.php\/wp-json\/wp\/v2\/pages\/146\/revisions"}],"predecessor-version":[{"id":154,"href":"https:\/\/antonio.mg\/index.php\/wp-json\/wp\/v2\/pages\/146\/revisions\/154"}],"up":[{"embeddable":true,"href":"https:\/\/antonio.mg\/index.php\/wp-json\/wp\/v2\/pages\/11"}],"wp:attachment":[{"href":"https:\/\/antonio.mg\/index.php\/wp-json\/wp\/v2\/media?parent=146"}],"curies":[{"name":"wp","href":"https:\/\/api.w.org\/{rel}","templated":true}]}}