{"id":125,"date":"2021-10-30T19:46:21","date_gmt":"2021-10-30T17:46:21","guid":{"rendered":"https:\/\/antonio.mg\/?page_id=125"},"modified":"2022-01-17T15:49:56","modified_gmt":"2022-01-17T14:49:56","slug":"equipo","status":"publish","type":"page","link":"https:\/\/antonio.mg\/index.php\/un-acuario-con-ingenieria\/equipo\/","title":{"rendered":"Equipo"},"content":{"rendered":"\n<p>Este es listado completo de materiales, accesorios y utilidades adquiridas para el proyecto.<\/p>\n\n\n\n<ul class=\"wp-block-list\"><li><a href=\"https:\/\/antonio.mg\/index.php\/un-acuario-con-ingenieria\/urna\/\" data-type=\"page\" data-id=\"33\">Urna<\/a><ul><li>Rebosadero <em>Ultrareef U-40\/C<\/em>: Rebosadero de bajada para tubo de 40mm y agujero de 42mm<\/li><li>Base espuma <em>JBL AquaPad,<\/em> 120x40cm<\/li><li>Bomba de recirculaci\u00f3n AI Nero 5<\/li><\/ul><\/li><li><a href=\"https:\/\/antonio.mg\/index.php\/un-acuario-con-ingenieria\/filtracion\/sump\/\" data-type=\"page\" data-id=\"148\">SUMP<\/a><ul><li>Bomba de subida <em>Jebao MCD 3500<\/em>: flujo m\u00e1ximo 3500 l\/h, control por wifi, potencia regulable<\/li><li>Pantalla <em>Chihiros WRGBII30<\/em><\/li><li>Bomba recirculaci\u00f3n Sicce <em>Voyager Nano 1<\/em> + Bomba recirculaci\u00f3n Sicce Voyager XStream 2 3500 <\/li><li>Bases cuadradas PVC para sistema de filtro de arena<\/li><li>Bomba de subida Syncra silent 1.0 para alimentar Algae Scrubber y aumentar flujo intra-SUMP<\/li><li>Algae Scrubber DIY<\/li><\/ul><\/li><li>Filtro <em>Eheim Professionel 5e 700<\/em>, con control de la bomba por Wifi, flujo regulable, bomba de 1850 l\/h, deposito de 14.5 l y 8 l de material filtrante<\/li><li>Electr\u00f3nica <em>GHL Profilux<\/em><ul><li>Kit <em>Profilux P4 Mega 6E<\/em><ul><li>Controlador <em>ProfiLux 4<\/em><\/li><li>Base de enchufes <em>Powerbar 6E<\/em><\/li><li>Cable de conexi\u00f3n<em> PAB <\/em>de 2 m y Cable USB<\/li><li>Sensor de Temperatura Digital<\/li><li>Electrodos de pH, de Conductividad de Platino y de Redox<\/li><li>L\u00edquidos calibradores pH7, pH9, Conductividad 50 mS y Redox 220 mV<\/li><\/ul><\/li><li>Soporte magn\u00e9tico GHL para 4 sondas<\/li><\/ul><ul><li>Base enchufes <em>GHL Powerbar 6E<\/em><\/li><\/ul><ul><li>Sistema para autorellenado<ul><li>2x Sensor nivel <em>GHL<\/em> \u00d3ptico<\/li><li>Sensor nivel <em>GHL<\/em> flotaci\u00f3n<\/li><li>2x Cable <em>GHL PL-Y<\/em><\/li><\/ul><ul><li>Sistema sujecci\u00f3n de sensores <em>GHL<\/em><ul><li><em>GHL PL-LF Base<\/em> &#8211; Tubo para sujecci\u00f3n de sensores de nivel<\/li><li>2x GHL PL-LF S12 &#8211; Soporte de sensor en \u00e1ngulo<\/li><li>GHL PL-LF S8 &#8211; Soporte de sensor<\/li><\/ul><\/li><\/ul><\/li><\/ul><ul><li>Sistema para bombas perist\u00e1lticas<ul><li>Soporte magn\u00e9tico para 5 tubos perist\u00e1ltica<\/li><li><em>GHL Doser 2.1<\/em> &#8211; Perist\u00e1ltica de 4 canales esclava<\/li><li>Dep\u00f3sitos para perist\u00e1lticas<\/li><li>2x Agitador magn\u00e9tico 4000 rpm<\/li><\/ul><\/li><li>Sistema para control de temperatura y humedad<ul><li>Tarjeta sensor humedad \/ temperatura <em>GHL PL-0278<\/em><\/li><li>Sensor humedad \/ temperatura <em>PL-0279<\/em><\/li><\/ul><\/li><li>Sistema para control de fugas<ul><li><em>GHL Leak interface PL-0851<\/em><\/li><li>GHL Leak sensor <em>PL-0850<\/em><\/li><\/ul><\/li><li>Sistema de iluminaci\u00f3n<ul><li>Pantalla Mitras Lightbar 2 Ocean Blue 120cm<\/li><li>Fuente de alimentaci\u00f3n  GHL<\/li><li>Splitter GHL<\/li><li>Interfaz GHL<\/li><\/ul><\/li><li>Pantalla retroiluminada<ul><li>Panel Actilum Luxpanel RGB<\/li><li>Metacrilato Opal<\/li><li>Vinilo degradado azul<\/li><li>Tira RGB en la base de la pantalla<\/li><li>Controlador Fibaro RGBW Controller 2, conectado a Profilux 4 usando las Salidas 0-10v 1 al 4 (conectores RJ12 en puertos 1 y 2)<\/li><\/ul><\/li><\/ul><\/li><li>Enfriador <em>Hailea HC 150 A<\/em><\/li><li>Calentador <em>JBL Protemp S 200<\/em>. 200W<\/li><li>Extractor de aire Silent 100 (95 m<sup>3<\/sup>\/h)<\/li><li>Bomba de aire <em>Eheim 3702<\/em> con dos salidas<\/li><li>Toma de agua desde la red<ul><li>Reductor de presi\u00f3n rosca hembra 3\/4&#8243; con man\u00f3metro de glicerina<\/li><li>Filtro de part\u00edculas<\/li><li>Electrov\u00e1lvula solenoide <em>BACOENG <\/em>AC 220V 3\/4&#8243; NC (Normalmente Cerrada)<\/li><li>Electrov\u00e1lvula solenoide <em>U.S. Solid<\/em> 220V AC 1\/2&#8243; G NC (Normalmente Cerrada)<\/li><li>V\u00e1lvula de corte mediante flotador<\/li><\/ul><\/li><li>Vaciado autom\u00e1tico al desag\u00fce<ul><li>Bomba perist\u00e1ltica <em>Honlite<\/em> de 1000 ml\/min, 2 rodillos, 12VDC, con cabezal de bomba intercambiable<\/li><\/ul><\/li><\/ul>\n","protected":false},"excerpt":{"rendered":"<p>Este es listado completo de materiales, accesorios y utilidades adquiridas para el proyecto. Urna Rebosadero Ultrareef U-40\/C: Rebosadero de bajada para tubo de 40mm y agujero de 42mm Base espuma JBL AquaPad, 120x40cm Bomba de recirculaci\u00f3n AI Nero 5 SUMP Bomba de subida Jebao MCD 3500: flujo m\u00e1ximo 3500 l\/h, control por wifi, potencia regulable &hellip; <a href=\"https:\/\/antonio.mg\/index.php\/un-acuario-con-ingenieria\/equipo\/\" class=\"more-link\">Continuar leyendo<span class=\"screen-reader-text\"> \u00abEquipo\u00bb<\/span><\/a><\/p>\n","protected":false},"author":1,"featured_media":0,"parent":11,"menu_order":2,"comment_status":"closed","ping_status":"closed","template":"","meta":{"_monsterinsights_skip_tracking":false,"_monsterinsights_sitenote_active":false,"_monsterinsights_sitenote_note":"","_monsterinsights_sitenote_category":0,"footnotes":""},"class_list":["post-125","page","type-page","status-publish","hentry"],"_links":{"self":[{"href":"https:\/\/antonio.mg\/index.php\/wp-json\/wp\/v2\/pages\/125","targetHints":{"allow":["GET"]}}],"collection":[{"href":"https:\/\/antonio.mg\/index.php\/wp-json\/wp\/v2\/pages"}],"about":[{"href":"https:\/\/antonio.mg\/index.php\/wp-json\/wp\/v2\/types\/page"}],"author":[{"embeddable":true,"href":"https:\/\/antonio.mg\/index.php\/wp-json\/wp\/v2\/users\/1"}],"replies":[{"embeddable":true,"href":"https:\/\/antonio.mg\/index.php\/wp-json\/wp\/v2\/comments?post=125"}],"version-history":[{"count":17,"href":"https:\/\/antonio.mg\/index.php\/wp-json\/wp\/v2\/pages\/125\/revisions"}],"predecessor-version":[{"id":216,"href":"https:\/\/antonio.mg\/index.php\/wp-json\/wp\/v2\/pages\/125\/revisions\/216"}],"up":[{"embeddable":true,"href":"https:\/\/antonio.mg\/index.php\/wp-json\/wp\/v2\/pages\/11"}],"wp:attachment":[{"href":"https:\/\/antonio.mg\/index.php\/wp-json\/wp\/v2\/media?parent=125"}],"curies":[{"name":"wp","href":"https:\/\/api.w.org\/{rel}","templated":true}]}}