{"id":11,"date":"2021-10-24T13:24:32","date_gmt":"2021-10-24T11:24:32","guid":{"rendered":"http:\/\/gxsacbg.cluster031.hosting.ovh.net\/?page_id=11"},"modified":"2021-10-25T16:11:47","modified_gmt":"2021-10-25T14:11:47","slug":"un-acuario-con-ingenieria","status":"publish","type":"page","link":"https:\/\/antonio.mg\/index.php\/un-acuario-con-ingenieria\/","title":{"rendered":"Un acuario con ingenier\u00eda"},"content":{"rendered":"\n<p>El proyecto <em>an engineered aquarium <\/em>(un acuario con ingenier\u00eda) tiene como objetivo dise\u00f1ar y construir un acuario con la m\u00e1xima automatizaci\u00f3n posible, basado en la evidencia cient\u00edfica y con el menor esfuerzo de mantenimiento.<\/p>\n\n\n\n<p>Acceda a las distintas secciones en el men\u00fa lateral.<\/p>\n\n\n\n<h2 class=\"wp-block-heading\">Datos b\u00e1sicos<\/h2>\n\n\n\n<ul class=\"wp-block-list\"><li>Biotopo: Malawi<\/li><li>Urna principal: 270 Litros<\/li><li>Filtraci\u00f3n: Filtro exterior y SUMP<\/li><li>Automatizaci\u00f3n: Electr\u00f3nica Profilux 4<\/li><\/ul>\n\n\n\n<h2 class=\"wp-block-heading\">Recursos<\/h2>\n\n\n\n<ul class=\"wp-block-list\"><li><a href=\"https:\/\/aquariumscience.org\/\">AquariumScience.org<\/a><\/li><\/ul>\n\n\n\n<h2 class=\"wp-block-heading\">Agradecimientos<\/h2>\n\n\n\n<div class=\"wp-block-group\"><div class=\"wp-block-group__inner-container is-layout-flow wp-block-group-is-layout-flow\">\n<ul class=\"wp-block-list\"><li><a rel=\"noreferrer noopener\" href=\"https:\/\/acuariofiliamadrid.org\/\" target=\"_blank\">AcuariofiliaMadrid.org<\/a><\/li><li>Andres P\u00e9rez-Moneo Agapito<\/li><\/ul>\n<\/div><\/div>\n","protected":false},"excerpt":{"rendered":"<p>El proyecto an engineered aquarium (un acuario con ingenier\u00eda) tiene como objetivo dise\u00f1ar y construir un acuario con la m\u00e1xima automatizaci\u00f3n posible, basado en la evidencia cient\u00edfica y con el menor esfuerzo de mantenimiento. Acceda a las distintas secciones en el men\u00fa lateral. Datos b\u00e1sicos Biotopo: Malawi Urna principal: 270 Litros Filtraci\u00f3n: Filtro exterior y &hellip; <a href=\"https:\/\/antonio.mg\/index.php\/un-acuario-con-ingenieria\/\" class=\"more-link\">Continuar leyendo<span class=\"screen-reader-text\"> \u00abUn acuario con ingenier\u00eda\u00bb<\/span><\/a><\/p>\n","protected":false},"author":1,"featured_media":0,"parent":0,"menu_order":0,"comment_status":"closed","ping_status":"closed","template":"","meta":{"_monsterinsights_skip_tracking":false,"_monsterinsights_sitenote_active":false,"_monsterinsights_sitenote_note":"","_monsterinsights_sitenote_category":0,"footnotes":""},"class_list":["post-11","page","type-page","status-publish","hentry"],"_links":{"self":[{"href":"https:\/\/antonio.mg\/index.php\/wp-json\/wp\/v2\/pages\/11","targetHints":{"allow":["GET"]}}],"collection":[{"href":"https:\/\/antonio.mg\/index.php\/wp-json\/wp\/v2\/pages"}],"about":[{"href":"https:\/\/antonio.mg\/index.php\/wp-json\/wp\/v2\/types\/page"}],"author":[{"embeddable":true,"href":"https:\/\/antonio.mg\/index.php\/wp-json\/wp\/v2\/users\/1"}],"replies":[{"embeddable":true,"href":"https:\/\/antonio.mg\/index.php\/wp-json\/wp\/v2\/comments?post=11"}],"version-history":[{"count":7,"href":"https:\/\/antonio.mg\/index.php\/wp-json\/wp\/v2\/pages\/11\/revisions"}],"predecessor-version":[{"id":102,"href":"https:\/\/antonio.mg\/index.php\/wp-json\/wp\/v2\/pages\/11\/revisions\/102"}],"wp:attachment":[{"href":"https:\/\/antonio.mg\/index.php\/wp-json\/wp\/v2\/media?parent=11"}],"curies":[{"name":"wp","href":"https:\/\/api.w.org\/{rel}","templated":true}]}}